{"id":1825,"date":"2017-10-15T22:26:49","date_gmt":"2017-10-15T20:26:49","guid":{"rendered":"http:\/\/tamovamo.com\/?page_id=207"},"modified":"2024-05-21T23:41:11","modified_gmt":"2024-05-21T22:41:11","slug":"o-meni","status":"publish","type":"page","link":"https:\/\/tamovamo.com\/index.php\/o-meni\/","title":{"rendered":"O meni"},"content":{"rendered":"\n<p>Svet je veliki, a slobodnih dana malo. Zato se trudim da ih maksimalno iskoristim kako za boravak u prirodi, tako i za obilaske razli\u010ditih mesta u Srbiji i svetu, a svoje utiske sa planinarenja i putovanja na ovom blogu delim sa vama.<\/p>\n\n\n\n<p>Zovem se Irena, i najbolja odluka koju sam u \u017eivotu donela bila je kada sam sa 16 godina oti\u0161la na prvo planinarenje, jer mi je ta aktivnost donela u \u017eivot puno sre\u0107e, novih saznanja, avantura, a pre svega prijatelja i divnih ljudi. Zato mislim da je i najbolji savet koji mogu da vam dam &#8211; da se u\u010dlanite u neko planinarsko dru\u0161tvo, i da krente s njima na organizovane ture. Ve\u0107ina tekstova na ovom blogu opisuje planinarenja na koja sam i\u0161la sa svojim planinarskim dru\u0161tvom Pobeda iz Beograda, ali ima i manje zahtevnih ruta i \u0161etnji prirodom u sopstvenoj re\u017eiji, koje vam mogu poslu\u017eiti kao ideje za izlet.<\/p>\n\n\n\n<p>Ja li\u010dno volim da odem i na Avalu i na visokogorske planinarske akcije, i podjednako idem i na zahtevnije ture i na potpuno lagane \u0161etnje po prirodi. Volim vrhove ali ih ne jurim po svaku cenu, jer ono \u0161to smatram najvrednijim je zapravo sam proces planinarenja i u\u017eitak koji kretanje po prirodi pru\u017ea.<\/p>\n\n\n\n<p><strong>Na ovom blogu \u0107ete na\u0107i:<\/strong> savete u vezi sa opremom i pripremom za planinarenje, iskrena mi\u0161ljenja o mestima koja obilazim bez ikakvog ulep\u0161avanja, fotografije koje prikazuju realni izgled razli\u010ditih destinacija, otvorenost ka razli\u010ditostima svih vrsta \u2013 posebno prilikom odlazaka u inostranstvo, jer je otvorenost uma jedini na\u010din da nas putovanja istinski obogate. Sve ostalo je puko preme\u0161tanje s mesta na mesto.<\/p>\n\n\n\n<p><strong>Na ovom blogu ne\u0107ete na\u0107i<\/strong>: podr\u0161ku da po\u010dnete da planinarite bez svesti o svojoj fizi\u010dkoj spremnosti i bez osnovnih znanja o opremi, foto\u0161opirane slike koje \u010dine destinacije neprepoznatljivim, odu\u0161evljavanja svim mogu\u0107im mestima i hvalospeve o svemu i sva\u010demu. Jer svi koji malo vi\u0161e putuju dobro znaju da razloga za odu\u0161evljenja ima podjednako koliko i razloga za razo\u010daranja na skoro svim mestima, kako u Srbiji tako i u svetu.<\/p>\n\n\n\n<p>Za pitanja, konstruktivne kritike, sugestije, pohvale \u2013 pi\u0161ite mi u komentarima na postove i videe. Va\u0161e mi\u0161ljenje mi zna\u010di, i na svaki komentar \u0107u odgovoriti.<\/p>\n\n\n\n<p>Nadam se da \u0107ete ovde prona\u0107i dovoljno korsinih informacija, koje \u0107e vas podsta\u0107i da svoje slobodne dane iskoristite za otkrivanje novih svetova \u2013 jer oni se ponekad nalaze \u010dak i u istom gradu ili u neposrednoj okolini.<\/p>\n\n\n\n<h3 class=\"wp-block-heading\" id=\"kontakt\">Kontakt<\/h3>\n\n\n\n<p>Upiti za saradnju:&nbsp;<a href=\"mailto:tamovamoblog@gmail.com\">tamovamoblog@gmail.com<\/a>.<\/p>\n\n\n\n<p>Mo\u017eete me pratiti na&nbsp;<a href=\"https:\/\/www.facebook.com\/tamovamoblog\/\" target=\"_blank\" rel=\"noreferrer noopener\">Facebook stranici<\/a>&nbsp;i na&nbsp;<a href=\"https:\/\/instagram.com\/tamo__vamo\" target=\"_blank\" rel=\"noreferrer noopener\">Instagramu<\/a>.<\/p>\n","protected":false},"excerpt":{"rendered":"<p>Svet je veliki, a slobodnih dana malo. Zato se trudim da ih maksimalno iskoristim kako za boravak u prirodi, tako i za obilaske razli\u010ditih mesta u Srbiji i svetu, a svoje utiske sa planinarenja i putovanja na ovom blogu delim sa vama. Zovem se Irena, i najbolja odluka koju sam u \u017eivotu donela bila je [&hellip;]<\/p>\n","protected":false},"author":1,"featured_media":2392,"parent":0,"menu_order":0,"comment_status":"closed","ping_status":"closed","template":"","meta":{"_monsterinsights_skip_tracking":false,"_monsterinsights_sitenote_active":false,"_monsterinsights_sitenote_note":"","_monsterinsights_sitenote_category":0,"footnotes":""},"class_list":["post-1825","page","type-page","status-publish","has-post-thumbnail","hentry"],"yoast_head":"<!-- This site is optimized with the Yoast SEO plugin v22.8 - https:\/\/yoast.com\/wordpress\/plugins\/seo\/ -->\n<title>O meni - Tamo Vamo<\/title>\n<meta name=\"robots\" content=\"index, follow, max-snippet:-1, max-image-preview:large, max-video-preview:-1\" \/>\n<link rel=\"canonical\" href=\"https:\/\/tamovamo.com\/index.php\/o-meni\/\" \/>\n<meta property=\"og:locale\" content=\"en_US\" \/>\n<meta property=\"og:type\" content=\"article\" \/>\n<meta property=\"og:title\" content=\"O meni - Tamo Vamo\" \/>\n<meta property=\"og:description\" content=\"Svet je veliki, a slobodnih dana malo. Zato se trudim da ih maksimalno iskoristim kako za boravak u prirodi, tako i za obilaske razli\u010ditih mesta u Srbiji i svetu, a svoje utiske sa planinarenja i putovanja na ovom blogu delim sa vama. Zovem se Irena, i najbolja odluka koju sam u \u017eivotu donela bila je [&hellip;]\" \/>\n<meta property=\"og:url\" content=\"https:\/\/tamovamo.com\/index.php\/o-meni\/\" \/>\n<meta property=\"og:site_name\" content=\"Tamo Vamo\" \/>\n<meta property=\"article:modified_time\" content=\"2024-05-21T22:41:11+00:00\" \/>\n<meta property=\"og:image\" content=\"https:\/\/tamovamo.com\/wp-content\/uploads\/2024\/05\/1000013458-01-scaled.jpeg\" \/>\n\t<meta property=\"og:image:width\" content=\"2560\" \/>\n\t<meta property=\"og:image:height\" content=\"1441\" \/>\n\t<meta property=\"og:image:type\" content=\"image\/jpeg\" \/>\n<meta name=\"twitter:card\" content=\"summary_large_image\" \/>\n<meta name=\"twitter:label1\" content=\"Est. reading time\" \/>\n\t<meta name=\"twitter:data1\" content=\"2 minutes\" \/>\n<script type=\"application\/ld+json\" class=\"yoast-schema-graph\">{\"@context\":\"https:\/\/schema.org\",\"@graph\":[{\"@type\":\"WebPage\",\"@id\":\"https:\/\/tamovamo.com\/index.php\/o-meni\/\",\"url\":\"https:\/\/tamovamo.com\/index.php\/o-meni\/\",\"name\":\"O meni - Tamo Vamo\",\"isPartOf\":{\"@id\":\"https:\/\/tamovamo.com\/#website\"},\"primaryImageOfPage\":{\"@id\":\"https:\/\/tamovamo.com\/index.php\/o-meni\/#primaryimage\"},\"image\":{\"@id\":\"https:\/\/tamovamo.com\/index.php\/o-meni\/#primaryimage\"},\"thumbnailUrl\":\"https:\/\/tamovamo.com\/wp-content\/uploads\/2024\/05\/1000013458-01-scaled.jpeg\",\"datePublished\":\"2017-10-15T20:26:49+00:00\",\"dateModified\":\"2024-05-21T22:41:11+00:00\",\"breadcrumb\":{\"@id\":\"https:\/\/tamovamo.com\/index.php\/o-meni\/#breadcrumb\"},\"inLanguage\":\"en-US\",\"potentialAction\":[{\"@type\":\"ReadAction\",\"target\":[\"https:\/\/tamovamo.com\/index.php\/o-meni\/\"]}]},{\"@type\":\"ImageObject\",\"inLanguage\":\"en-US\",\"@id\":\"https:\/\/tamovamo.com\/index.php\/o-meni\/#primaryimage\",\"url\":\"https:\/\/tamovamo.com\/wp-content\/uploads\/2024\/05\/1000013458-01-scaled.jpeg\",\"contentUrl\":\"https:\/\/tamovamo.com\/wp-content\/uploads\/2024\/05\/1000013458-01-scaled.jpeg\",\"width\":2560,\"height\":1441},{\"@type\":\"BreadcrumbList\",\"@id\":\"https:\/\/tamovamo.com\/index.php\/o-meni\/#breadcrumb\",\"itemListElement\":[{\"@type\":\"ListItem\",\"position\":1,\"name\":\"Home\",\"item\":\"https:\/\/tamovamo.com\/\"},{\"@type\":\"ListItem\",\"position\":2,\"name\":\"O meni\"}]},{\"@type\":\"WebSite\",\"@id\":\"https:\/\/tamovamo.com\/#website\",\"url\":\"https:\/\/tamovamo.com\/\",\"name\":\"Tamo Vamo\",\"description\":\"\",\"publisher\":{\"@id\":\"https:\/\/tamovamo.com\/#organization\"},\"potentialAction\":[{\"@type\":\"SearchAction\",\"target\":{\"@type\":\"EntryPoint\",\"urlTemplate\":\"https:\/\/tamovamo.com\/?s={search_term_string}\"},\"query-input\":\"required name=search_term_string\"}],\"inLanguage\":\"en-US\"},{\"@type\":\"Organization\",\"@id\":\"https:\/\/tamovamo.com\/#organization\",\"name\":\"Tamo Vamo\",\"url\":\"https:\/\/tamovamo.com\/\",\"logo\":{\"@type\":\"ImageObject\",\"inLanguage\":\"en-US\",\"@id\":\"https:\/\/tamovamo.com\/#\/schema\/logo\/image\/\",\"url\":\"https:\/\/tamovamo.com\/wp-content\/uploads\/2024\/03\/TamoVamo-Black-Tr.png\",\"contentUrl\":\"https:\/\/tamovamo.com\/wp-content\/uploads\/2024\/03\/TamoVamo-Black-Tr.png\",\"width\":379,\"height\":248,\"caption\":\"Tamo Vamo\"},\"image\":{\"@id\":\"https:\/\/tamovamo.com\/#\/schema\/logo\/image\/\"}}]}<\/script>\n<!-- \/ Yoast SEO plugin. -->","yoast_head_json":{"title":"O meni - Tamo Vamo","robots":{"index":"index","follow":"follow","max-snippet":"max-snippet:-1","max-image-preview":"max-image-preview:large","max-video-preview":"max-video-preview:-1"},"canonical":"https:\/\/tamovamo.com\/index.php\/o-meni\/","og_locale":"en_US","og_type":"article","og_title":"O meni - Tamo Vamo","og_description":"Svet je veliki, a slobodnih dana malo. Zato se trudim da ih maksimalno iskoristim kako za boravak u prirodi, tako i za obilaske razli\u010ditih mesta u Srbiji i svetu, a svoje utiske sa planinarenja i putovanja na ovom blogu delim sa vama. Zovem se Irena, i najbolja odluka koju sam u \u017eivotu donela bila je [&hellip;]","og_url":"https:\/\/tamovamo.com\/index.php\/o-meni\/","og_site_name":"Tamo Vamo","article_modified_time":"2024-05-21T22:41:11+00:00","og_image":[{"width":2560,"height":1441,"url":"https:\/\/tamovamo.com\/wp-content\/uploads\/2024\/05\/1000013458-01-scaled.jpeg","type":"image\/jpeg"}],"twitter_card":"summary_large_image","twitter_misc":{"Est. reading time":"2 minutes"},"schema":{"@context":"https:\/\/schema.org","@graph":[{"@type":"WebPage","@id":"https:\/\/tamovamo.com\/index.php\/o-meni\/","url":"https:\/\/tamovamo.com\/index.php\/o-meni\/","name":"O meni - Tamo Vamo","isPartOf":{"@id":"https:\/\/tamovamo.com\/#website"},"primaryImageOfPage":{"@id":"https:\/\/tamovamo.com\/index.php\/o-meni\/#primaryimage"},"image":{"@id":"https:\/\/tamovamo.com\/index.php\/o-meni\/#primaryimage"},"thumbnailUrl":"https:\/\/tamovamo.com\/wp-content\/uploads\/2024\/05\/1000013458-01-scaled.jpeg","datePublished":"2017-10-15T20:26:49+00:00","dateModified":"2024-05-21T22:41:11+00:00","breadcrumb":{"@id":"https:\/\/tamovamo.com\/index.php\/o-meni\/#breadcrumb"},"inLanguage":"en-US","potentialAction":[{"@type":"ReadAction","target":["https:\/\/tamovamo.com\/index.php\/o-meni\/"]}]},{"@type":"ImageObject","inLanguage":"en-US","@id":"https:\/\/tamovamo.com\/index.php\/o-meni\/#primaryimage","url":"https:\/\/tamovamo.com\/wp-content\/uploads\/2024\/05\/1000013458-01-scaled.jpeg","contentUrl":"https:\/\/tamovamo.com\/wp-content\/uploads\/2024\/05\/1000013458-01-scaled.jpeg","width":2560,"height":1441},{"@type":"BreadcrumbList","@id":"https:\/\/tamovamo.com\/index.php\/o-meni\/#breadcrumb","itemListElement":[{"@type":"ListItem","position":1,"name":"Home","item":"https:\/\/tamovamo.com\/"},{"@type":"ListItem","position":2,"name":"O meni"}]},{"@type":"WebSite","@id":"https:\/\/tamovamo.com\/#website","url":"https:\/\/tamovamo.com\/","name":"Tamo Vamo","description":"","publisher":{"@id":"https:\/\/tamovamo.com\/#organization"},"potentialAction":[{"@type":"SearchAction","target":{"@type":"EntryPoint","urlTemplate":"https:\/\/tamovamo.com\/?s={search_term_string}"},"query-input":"required name=search_term_string"}],"inLanguage":"en-US"},{"@type":"Organization","@id":"https:\/\/tamovamo.com\/#organization","name":"Tamo Vamo","url":"https:\/\/tamovamo.com\/","logo":{"@type":"ImageObject","inLanguage":"en-US","@id":"https:\/\/tamovamo.com\/#\/schema\/logo\/image\/","url":"https:\/\/tamovamo.com\/wp-content\/uploads\/2024\/03\/TamoVamo-Black-Tr.png","contentUrl":"https:\/\/tamovamo.com\/wp-content\/uploads\/2024\/03\/TamoVamo-Black-Tr.png","width":379,"height":248,"caption":"Tamo Vamo"},"image":{"@id":"https:\/\/tamovamo.com\/#\/schema\/logo\/image\/"}}]}},"_links":{"self":[{"href":"https:\/\/tamovamo.com\/index.php\/wp-json\/wp\/v2\/pages\/1825","targetHints":{"allow":["GET"]}}],"collection":[{"href":"https:\/\/tamovamo.com\/index.php\/wp-json\/wp\/v2\/pages"}],"about":[{"href":"https:\/\/tamovamo.com\/index.php\/wp-json\/wp\/v2\/types\/page"}],"author":[{"embeddable":true,"href":"https:\/\/tamovamo.com\/index.php\/wp-json\/wp\/v2\/users\/1"}],"replies":[{"embeddable":true,"href":"https:\/\/tamovamo.com\/index.php\/wp-json\/wp\/v2\/comments?post=1825"}],"version-history":[{"count":10,"href":"https:\/\/tamovamo.com\/index.php\/wp-json\/wp\/v2\/pages\/1825\/revisions"}],"predecessor-version":[{"id":2418,"href":"https:\/\/tamovamo.com\/index.php\/wp-json\/wp\/v2\/pages\/1825\/revisions\/2418"}],"wp:featuredmedia":[{"embeddable":true,"href":"https:\/\/tamovamo.com\/index.php\/wp-json\/wp\/v2\/media\/2392"}],"wp:attachment":[{"href":"https:\/\/tamovamo.com\/index.php\/wp-json\/wp\/v2\/media?parent=1825"}],"curies":[{"name":"wp","href":"https:\/\/api.w.org\/{rel}","templated":true}]}}